{"id":8416,"date":"2025-01-14T14:16:53","date_gmt":"2025-01-14T13:16:53","guid":{"rendered":"https:\/\/www.glampingfontemurata.it\/?page_id=8416"},"modified":"2025-01-14T14:28:17","modified_gmt":"2025-01-14T13:28:17","slug":"faehren","status":"publish","type":"page","link":"https:\/\/www.glampingfontemurata.it\/de\/faehren\/","title":{"rendered":"F\u00e4hren"},"content":{"rendered":"\t\t<div data-elementor-type=\"wp-page\" data-elementor-id=\"8416\" class=\"elementor elementor-8416 elementor-8415\">\n\t\t\t\t        <section class=\"elementor-section elementor-top-section elementor-element elementor-element-cdcddb0 elementor-section-stretched elementor-section-full_width elementor-section-height-default elementor-section-height-default pxl-row-scroll-none pxl-full-content-with-space-none pxl-bg-color-none pxl-section-overlay-none pxl-column-overflow-hidden-no\" data-id=\"cdcddb0\" data-element_type=\"section\" data-settings=\"{&quot;stretch_section&quot;:&quot;section-stretched&quot;,&quot;background_background&quot;:&quot;classic&quot;}\">\n\n                \n                <div class=\"elementor-container elementor-column-gap-extended \">\n                <div class=\"elementor-column elementor-col-100 elementor-top-column elementor-element elementor-element-34f4dc7 pxl-column-none pxl-section-offset-none pxl-particle-background-none\" data-id=\"34f4dc7\" data-element_type=\"column\">\r\n        <div class=\"elementor-widget-wrap elementor-element-populated\">\r\n                     \r\n        \t\t<div class=\"elementor-element elementor-element-23eb90e elementor-widget elementor-widget-spacer\" data-id=\"23eb90e\" data-element_type=\"widget\" data-widget_type=\"spacer.default\">\n\t\t\t\t<div class=\"elementor-widget-container\">\n\t\t\t\t\t\t\t<div class=\"elementor-spacer\">\n\t\t\t<div class=\"elementor-spacer-inner\"><\/div>\n\t\t<\/div>\n\t\t\t\t\t\t<\/div>\n\t\t\t\t<\/div>\n\t\t            <\/div>\r\n        <\/div>\r\n        \t\t\t<\/div>\n\t\t<\/section>\n\t\t        <section class=\"elementor-section elementor-top-section elementor-element elementor-element-822054f elementor-section-stretched elementor-section-boxed elementor-section-height-default elementor-section-height-default pxl-row-scroll-none pxl-bg-color-none pxl-section-overlay-none pxl-column-overflow-hidden-no\" data-id=\"822054f\" data-element_type=\"section\" data-settings=\"{&quot;stretch_section&quot;:&quot;section-stretched&quot;,&quot;background_background&quot;:&quot;classic&quot;}\">\n\n                \n        <div id=\"pxl-row-particles-69fb8572cb55a\" class=\"pxl-row-particles\" data-number=\"4\" data-size=\"6\" data-size-random=\"true\" data-move-direction=\"top-right\" data-color=\"[&quot;#b73490&quot;,&quot;#006b41&quot;,&quot;#cd3000&quot;,&quot;#608ecb&quot;,&quot;#ffb500&quot;,&quot;#6e4e00&quot;,&quot;#6b541b&quot;,&quot;#305686&quot;,&quot;#00ffb4&quot;,&quot;#8798ff&quot;,&quot;#0044c1&quot;]\"><\/div><div class=\"pxl-section-effect-images\"><img decoding=\"async\" data-parallax-value=\"\" data-parallax=\"[]\" class=\"pxl-item--image elementor-repeater-item-bf9c61f   pxl-hide-sr-md pxl-hide-sr-sm\" src=\"https:\/\/www.glampingfontemurata.it\/wp-content\/uploads\/2024\/02\/Vector.png\" \/><img decoding=\"async\" data-parallax-value=\"\" data-parallax=\"[]\" class=\"pxl-item--image elementor-repeater-item-b48f89d slide-left-to-right  pxl-hide-sr-md pxl-hide-sr-sm\" src=\"https:\/\/www.glampingfontemurata.it\/wp-content\/uploads\/2024\/02\/obj4.png\" \/><img decoding=\"async\" data-parallax-value=\"\" data-parallax=\"[]\" class=\"pxl-item--image elementor-repeater-item-bfbdfc6 slide-right-to-left  pxl-hide-sr-md pxl-hide-sr-sm\" src=\"https:\/\/www.glampingfontemurata.it\/wp-content\/uploads\/2024\/02\/Obj6.png\" \/><\/div>        <div class=\"elementor-container elementor-column-gap-extended \">\n                <div class=\"elementor-column elementor-col-100 elementor-top-column elementor-element elementor-element-bf0ceb1 pxl-column-none pxl-section-offset-none pxl-particle-background-none\" data-id=\"bf0ceb1\" data-element_type=\"column\">\r\n        <div class=\"elementor-widget-wrap elementor-element-populated\">\r\n                     \r\n        \t\t<div class=\"elementor-element elementor-element-a42a9d3 elementor-widget elementor-widget-pxl_heading\" data-id=\"a42a9d3\" data-element_type=\"widget\" data-widget_type=\"pxl_heading.default\">\n\t\t\t\t<div class=\"elementor-widget-container\">\n\t\t\t\t\t\n<div id=\"pxl-pxl_heading-a42a9d3-5958\" class=\"pxl-heading px-sub-title-default-style  \">\n\t<div class=\"pxl-heading--inner\">\n\t\t\t\t\t<div class=\"pxl-item--subtitle px-sub-title-default  \" data-wow-delay=\"ms\">\n\t\t\t\t<span class=\"pxl-item--subtext\">\n\t\t\t\t\t\t\n\t\t\t\t\t\t\t\t\t\t\t\n\t\t\t\t\t\t\t\t\t\t\t\t\t\t\t\tINSEL ELBA\t\t\t\t\t\t\n\t\t\t\t\t\t\t\t\t\t\t\t\n\t\t\t\t<\/span>\n\t\t\t<\/div>\n\t\t\n\t\t<h3 class=\"pxl-item--title divider-none  wow skewIn\" data-wow-delay=\"ms\">\n\t\t\t\t\tF\u00e4hren\t\n\t\t\t\n\t\t<\/h3>\n\n\t<\/div>\n<\/div>\t\t\t\t<\/div>\n\t\t\t\t<\/div>\n\t\t\t\t<div class=\"elementor-element elementor-element-74875aa elementor-widget elementor-widget-html\" data-id=\"74875aa\" data-element_type=\"widget\" data-widget_type=\"html.default\">\n\t\t\t\t<div class=\"elementor-widget-container\">\n\t\t\t\t\t<div style=\"margin-left: auto; margin-right: auto; max-width: 1224px\">\r\n\t<iframe id=\"tlines\" src=\"https:\/\/www.misterferry.de\/de\/faehren-insel-elba.aspx?UAID=590141&bkcolor=FFFFFF&txtcolor=2B2B2B&bkbtncolor=D86510&txtbtncolor=FFFFFF&bktitolo=3399CC&txttitolo=FFFFFF&language=de&iframe_booking=true&v2=true\" style=\"border:0px; width: 100%;\" class=\"tlines_frame\" scrolling=\"no\"><\/iframe>\r\n\t<p style=\"font-size:11px; margin: auto; font-family:Verdana;width: 100%;color:#666;margin-bottom: 12px;text-align: center;\">Dieser Buchungsservice ist Eigentum der <a href=\"https:\/\/www.misterferry.de\/de\/faehren-insel-elba.aspx?UAID=590141&bkcolor=FFFFFF&txtcolor=2B2B2B&bkbtncolor=D86510&txtbtncolor=FFFFFF&bktitolo=3399CC&txttitolo=FFFFFF\" target=\"_blank\" style=\"color:#666;text-decoration:none\">Misterferry.de<\/a><\/p>\r\n\t<script type=\"text\/javascript\" src=\"https:\/\/www.misterferry.de\/Ajax\/tlines_resp_v2.js\"><\/script>\r\n<\/div>\t\t\t\t<\/div>\n\t\t\t\t<\/div>\n\t\t            <\/div>\r\n        <\/div>\r\n        \t\t\t<\/div>\n\t\t<\/section>\n\t\t\t\t<\/div>\n\t\t","protected":false},"excerpt":{"rendered":"<p>INSEL ELBA F\u00e4hren Dieser Buchungsservice ist Eigentum der Misterferry.de<\/p>\n","protected":false},"author":1,"featured_media":0,"parent":0,"menu_order":9,"comment_status":"closed","ping_status":"closed","template":"","meta":{"footnotes":""},"class_list":["post-8416","page","type-page","status-publish","hentry"],"yoast_head":"<!-- This site is optimized with the Yoast SEO plugin v26.5 - https:\/\/yoast.com\/wordpress\/plugins\/seo\/ -->\n<title>F\u00e4hren - Glamping Fonte Murata, Insel Elba<\/title>\n<meta name=\"description\" content=\"Fonte Murata Glamping bietet Ihnen erm\u00e4\u00dfigte Preise und Sonderangebote f\u00fcr F\u00e4hren: Wenn Sie \u00fcber die untenstehende Suchmaschine buchen, sparen Sie zwischen 20% und 35% auf die besten Tarife.\" \/>\n<meta name=\"robots\" content=\"index, follow, max-snippet:-1, max-image-preview:large, max-video-preview:-1\" \/>\n<link rel=\"canonical\" href=\"https:\/\/www.glampingfontemurata.it\/de\/faehren\/\" \/>\n<meta property=\"og:locale\" content=\"de_DE\" \/>\n<meta property=\"og:type\" content=\"article\" \/>\n<meta property=\"og:title\" content=\"F\u00e4hren - Glamping Fonte Murata, Insel Elba\" \/>\n<meta property=\"og:description\" content=\"Fonte Murata Glamping bietet Ihnen erm\u00e4\u00dfigte Preise und Sonderangebote f\u00fcr F\u00e4hren: Wenn Sie \u00fcber die untenstehende Suchmaschine buchen, sparen Sie zwischen 20% und 35% auf die besten Tarife.\" \/>\n<meta property=\"og:url\" content=\"https:\/\/www.glampingfontemurata.it\/de\/faehren\/\" \/>\n<meta property=\"og:site_name\" content=\"Glamping Fonte Murata\" \/>\n<meta property=\"article:publisher\" content=\"https:\/\/www.facebook.com\/profile.php?id=61556539336833\" \/>\n<meta property=\"article:modified_time\" content=\"2025-01-14T13:28:17+00:00\" \/>\n<meta name=\"twitter:card\" content=\"summary_large_image\" \/>\n<script type=\"application\/ld+json\" class=\"yoast-schema-graph\">{\"@context\":\"https:\/\/schema.org\",\"@graph\":[{\"@type\":\"WebPage\",\"@id\":\"https:\/\/www.glampingfontemurata.it\/de\/faehren\/\",\"url\":\"https:\/\/www.glampingfontemurata.it\/de\/faehren\/\",\"name\":\"F\u00e4hren - Glamping Fonte Murata, Insel Elba\",\"isPartOf\":{\"@id\":\"https:\/\/www.glampingfontemurata.it\/de\/#website\"},\"datePublished\":\"2025-01-14T13:16:53+00:00\",\"dateModified\":\"2025-01-14T13:28:17+00:00\",\"description\":\"Fonte Murata Glamping bietet Ihnen erm\u00e4\u00dfigte Preise und Sonderangebote f\u00fcr F\u00e4hren: Wenn Sie \u00fcber die untenstehende Suchmaschine buchen, sparen Sie zwischen 20% und 35% auf die besten Tarife.\",\"breadcrumb\":{\"@id\":\"https:\/\/www.glampingfontemurata.it\/de\/faehren\/#breadcrumb\"},\"inLanguage\":\"de\",\"potentialAction\":[{\"@type\":\"ReadAction\",\"target\":[\"https:\/\/www.glampingfontemurata.it\/de\/faehren\/\"]}]},{\"@type\":\"BreadcrumbList\",\"@id\":\"https:\/\/www.glampingfontemurata.it\/de\/faehren\/#breadcrumb\",\"itemListElement\":[{\"@type\":\"ListItem\",\"position\":1,\"name\":\"Home\",\"item\":\"https:\/\/www.glampingfontemurata.it\/de\/\"},{\"@type\":\"ListItem\",\"position\":2,\"name\":\"F\u00e4hren\"}]},{\"@type\":\"WebSite\",\"@id\":\"https:\/\/www.glampingfontemurata.it\/de\/#website\",\"url\":\"https:\/\/www.glampingfontemurata.it\/de\/\",\"name\":\"Glamping Fonte Murata\",\"description\":\"Insel Elba\",\"publisher\":{\"@id\":\"https:\/\/www.glampingfontemurata.it\/de\/#organization\"},\"potentialAction\":[{\"@type\":\"SearchAction\",\"target\":{\"@type\":\"EntryPoint\",\"urlTemplate\":\"https:\/\/www.glampingfontemurata.it\/de\/?s={search_term_string}\"},\"query-input\":{\"@type\":\"PropertyValueSpecification\",\"valueRequired\":true,\"valueName\":\"search_term_string\"}}],\"inLanguage\":\"de\"},{\"@type\":\"Organization\",\"@id\":\"https:\/\/www.glampingfontemurata.it\/de\/#organization\",\"name\":\"Glamping Fonte Murata\",\"url\":\"https:\/\/www.glampingfontemurata.it\/de\/\",\"logo\":{\"@type\":\"ImageObject\",\"inLanguage\":\"de\",\"@id\":\"https:\/\/www.glampingfontemurata.it\/de\/#\/schema\/logo\/image\/\",\"url\":\"https:\/\/www.glampingfontemurata.it\/wp-content\/uploads\/fonte_murata_glamping.png\",\"contentUrl\":\"https:\/\/www.glampingfontemurata.it\/wp-content\/uploads\/fonte_murata_glamping.png\",\"width\":500,\"height\":245,\"caption\":\"Glamping Fonte Murata\"},\"image\":{\"@id\":\"https:\/\/www.glampingfontemurata.it\/de\/#\/schema\/logo\/image\/\"},\"sameAs\":[\"https:\/\/www.facebook.com\/profile.php?id=61556539336833\",\"https:\/\/www.instagram.com\/glampingfontemurata\/\"]}]}<\/script>\n<!-- \/ Yoast SEO plugin. -->","yoast_head_json":{"title":"F\u00e4hren - Glamping Fonte Murata, Insel Elba","description":"Fonte Murata Glamping bietet Ihnen erm\u00e4\u00dfigte Preise und Sonderangebote f\u00fcr F\u00e4hren: Wenn Sie \u00fcber die untenstehende Suchmaschine buchen, sparen Sie zwischen 20% und 35% auf die besten Tarife.","robots":{"index":"index","follow":"follow","max-snippet":"max-snippet:-1","max-image-preview":"max-image-preview:large","max-video-preview":"max-video-preview:-1"},"canonical":"https:\/\/www.glampingfontemurata.it\/de\/faehren\/","og_locale":"de_DE","og_type":"article","og_title":"F\u00e4hren - Glamping Fonte Murata, Insel Elba","og_description":"Fonte Murata Glamping bietet Ihnen erm\u00e4\u00dfigte Preise und Sonderangebote f\u00fcr F\u00e4hren: Wenn Sie \u00fcber die untenstehende Suchmaschine buchen, sparen Sie zwischen 20% und 35% auf die besten Tarife.","og_url":"https:\/\/www.glampingfontemurata.it\/de\/faehren\/","og_site_name":"Glamping Fonte Murata","article_publisher":"https:\/\/www.facebook.com\/profile.php?id=61556539336833","article_modified_time":"2025-01-14T13:28:17+00:00","twitter_card":"summary_large_image","schema":{"@context":"https:\/\/schema.org","@graph":[{"@type":"WebPage","@id":"https:\/\/www.glampingfontemurata.it\/de\/faehren\/","url":"https:\/\/www.glampingfontemurata.it\/de\/faehren\/","name":"F\u00e4hren - Glamping Fonte Murata, Insel Elba","isPartOf":{"@id":"https:\/\/www.glampingfontemurata.it\/de\/#website"},"datePublished":"2025-01-14T13:16:53+00:00","dateModified":"2025-01-14T13:28:17+00:00","description":"Fonte Murata Glamping bietet Ihnen erm\u00e4\u00dfigte Preise und Sonderangebote f\u00fcr F\u00e4hren: Wenn Sie \u00fcber die untenstehende Suchmaschine buchen, sparen Sie zwischen 20% und 35% auf die besten Tarife.","breadcrumb":{"@id":"https:\/\/www.glampingfontemurata.it\/de\/faehren\/#breadcrumb"},"inLanguage":"de","potentialAction":[{"@type":"ReadAction","target":["https:\/\/www.glampingfontemurata.it\/de\/faehren\/"]}]},{"@type":"BreadcrumbList","@id":"https:\/\/www.glampingfontemurata.it\/de\/faehren\/#breadcrumb","itemListElement":[{"@type":"ListItem","position":1,"name":"Home","item":"https:\/\/www.glampingfontemurata.it\/de\/"},{"@type":"ListItem","position":2,"name":"F\u00e4hren"}]},{"@type":"WebSite","@id":"https:\/\/www.glampingfontemurata.it\/de\/#website","url":"https:\/\/www.glampingfontemurata.it\/de\/","name":"Glamping Fonte Murata","description":"Insel Elba","publisher":{"@id":"https:\/\/www.glampingfontemurata.it\/de\/#organization"},"potentialAction":[{"@type":"SearchAction","target":{"@type":"EntryPoint","urlTemplate":"https:\/\/www.glampingfontemurata.it\/de\/?s={search_term_string}"},"query-input":{"@type":"PropertyValueSpecification","valueRequired":true,"valueName":"search_term_string"}}],"inLanguage":"de"},{"@type":"Organization","@id":"https:\/\/www.glampingfontemurata.it\/de\/#organization","name":"Glamping Fonte Murata","url":"https:\/\/www.glampingfontemurata.it\/de\/","logo":{"@type":"ImageObject","inLanguage":"de","@id":"https:\/\/www.glampingfontemurata.it\/de\/#\/schema\/logo\/image\/","url":"https:\/\/www.glampingfontemurata.it\/wp-content\/uploads\/fonte_murata_glamping.png","contentUrl":"https:\/\/www.glampingfontemurata.it\/wp-content\/uploads\/fonte_murata_glamping.png","width":500,"height":245,"caption":"Glamping Fonte Murata"},"image":{"@id":"https:\/\/www.glampingfontemurata.it\/de\/#\/schema\/logo\/image\/"},"sameAs":["https:\/\/www.facebook.com\/profile.php?id=61556539336833","https:\/\/www.instagram.com\/glampingfontemurata\/"]}]}},"_links":{"self":[{"href":"https:\/\/www.glampingfontemurata.it\/de\/wp-json\/wp\/v2\/pages\/8416","targetHints":{"allow":["GET"]}}],"collection":[{"href":"https:\/\/www.glampingfontemurata.it\/de\/wp-json\/wp\/v2\/pages"}],"about":[{"href":"https:\/\/www.glampingfontemurata.it\/de\/wp-json\/wp\/v2\/types\/page"}],"author":[{"embeddable":true,"href":"https:\/\/www.glampingfontemurata.it\/de\/wp-json\/wp\/v2\/users\/1"}],"replies":[{"embeddable":true,"href":"https:\/\/www.glampingfontemurata.it\/de\/wp-json\/wp\/v2\/comments?post=8416"}],"version-history":[{"count":9,"href":"https:\/\/www.glampingfontemurata.it\/de\/wp-json\/wp\/v2\/pages\/8416\/revisions"}],"predecessor-version":[{"id":8442,"href":"https:\/\/www.glampingfontemurata.it\/de\/wp-json\/wp\/v2\/pages\/8416\/revisions\/8442"}],"wp:attachment":[{"href":"https:\/\/www.glampingfontemurata.it\/de\/wp-json\/wp\/v2\/media?parent=8416"}],"curies":[{"name":"wp","href":"https:\/\/api.w.org\/{rel}","templated":true}]}}